{"id":805,"date":"2025-07-03T12:11:42","date_gmt":"2025-07-03T10:11:42","guid":{"rendered":"https:\/\/schwanger-wir-helfen.ch\/?page_id=805"},"modified":"2025-08-21T10:36:14","modified_gmt":"2025-08-21T08:36:14","slug":"jobs","status":"publish","type":"page","link":"https:\/\/schwanger-wir-helfen.ch\/?page_id=805","title":{"rendered":"Jobs"},"content":{"rendered":"<p><strong>momentan sind alle unsere Stellen besetzt &#8211; freiwillige Mitarbeit ist aber immer herzlich willkommen!<\/strong><\/p>\n<p>M\u00f6chten Sie uns als freiwillige Mitarbeiterin \/ als freiwilliger Mitarbeiter unterst\u00fctzen? Gerne informieren wir Sie \u00fcber M\u00f6glichkeiten zur Mitarbeit! Rufen Sie uns an: 031 961 64 74.<\/p>\n","protected":false},"excerpt":{"rendered":"<p>momentan sind alle unsere Stellen besetzt &#8211; freiwillige Mitarbeit ist aber immer herzlich willkommen! M\u00f6chten Sie uns als freiwillige Mitarbeiterin \/ als freiwilliger Mitarbeiter unterst\u00fctzen? Gerne informieren wir Sie \u00fcber M\u00f6glichkeiten zur Mitarbeit! Rufen Sie uns an: 031 961 64<\/p>\n","protected":false},"author":1,"featured_media":0,"parent":0,"menu_order":8,"comment_status":"closed","ping_status":"closed","template":"","meta":{"footnotes":""},"class_list":["post-805","page","type-page","status-publish","hentry"],"yoast_head":"<!-- This site is optimized with the Yoast SEO plugin v27.6 - https:\/\/yoast.com\/product\/yoast-seo-wordpress\/ -->\n<title>Jobs - Schwanger wir helfen<\/title>\n<meta name=\"robots\" content=\"index, follow, max-snippet:-1, max-image-preview:large, max-video-preview:-1\" \/>\n<link rel=\"canonical\" href=\"https:\/\/schwanger-wir-helfen.ch\/?page_id=805\" \/>\n<meta property=\"og:locale\" content=\"de_DE\" \/>\n<meta property=\"og:type\" content=\"article\" \/>\n<meta property=\"og:title\" content=\"Jobs - Schwanger wir helfen\" \/>\n<meta property=\"og:description\" content=\"momentan sind alle unsere Stellen besetzt &#8211; freiwillige Mitarbeit ist aber immer herzlich willkommen! M\u00f6chten Sie uns als freiwillige Mitarbeiterin \/ als freiwilliger Mitarbeiter unterst\u00fctzen? Gerne informieren wir Sie \u00fcber M\u00f6glichkeiten zur Mitarbeit! Rufen Sie uns an: 031 961 64\" \/>\n<meta property=\"og:url\" content=\"https:\/\/schwanger-wir-helfen.ch\/?page_id=805\" \/>\n<meta property=\"og:site_name\" content=\"Schwanger wir helfen\" \/>\n<meta property=\"article:modified_time\" content=\"2025-08-21T08:36:14+00:00\" \/>\n<meta name=\"twitter:card\" content=\"summary_large_image\" \/>\n<meta name=\"twitter:label1\" content=\"Gesch\u00e4tzte Lesezeit\" \/>\n\t<meta name=\"twitter:data1\" content=\"1\u00a0Minute\" \/>\n<script type=\"application\/ld+json\" class=\"yoast-schema-graph\">{\"@context\":\"https:\\\/\\\/schema.org\",\"@graph\":[{\"@type\":\"WebPage\",\"@id\":\"https:\\\/\\\/schwanger-wir-helfen.ch\\\/?page_id=805\",\"url\":\"https:\\\/\\\/schwanger-wir-helfen.ch\\\/?page_id=805\",\"name\":\"Jobs - Schwanger wir helfen\",\"isPartOf\":{\"@id\":\"https:\\\/\\\/schwanger-wir-helfen.ch\\\/#website\"},\"datePublished\":\"2025-07-03T10:11:42+00:00\",\"dateModified\":\"2025-08-21T08:36:14+00:00\",\"breadcrumb\":{\"@id\":\"https:\\\/\\\/schwanger-wir-helfen.ch\\\/?page_id=805#breadcrumb\"},\"inLanguage\":\"de\",\"potentialAction\":[{\"@type\":\"ReadAction\",\"target\":[\"https:\\\/\\\/schwanger-wir-helfen.ch\\\/?page_id=805\"]}]},{\"@type\":\"BreadcrumbList\",\"@id\":\"https:\\\/\\\/schwanger-wir-helfen.ch\\\/?page_id=805#breadcrumb\",\"itemListElement\":[{\"@type\":\"ListItem\",\"position\":1,\"name\":\"Home\",\"item\":\"https:\\\/\\\/schwanger-wir-helfen.ch\\\/\"},{\"@type\":\"ListItem\",\"position\":2,\"name\":\"Jobs\"}]},{\"@type\":\"WebSite\",\"@id\":\"https:\\\/\\\/schwanger-wir-helfen.ch\\\/#website\",\"url\":\"https:\\\/\\\/schwanger-wir-helfen.ch\\\/\",\"name\":\"Schwanger wir helfen\",\"description\":\"Unabh\u00e4nige Anlaufstelle f\u00fcr Beratung\",\"potentialAction\":[{\"@type\":\"SearchAction\",\"target\":{\"@type\":\"EntryPoint\",\"urlTemplate\":\"https:\\\/\\\/schwanger-wir-helfen.ch\\\/?s={search_term_string}\"},\"query-input\":{\"@type\":\"PropertyValueSpecification\",\"valueRequired\":true,\"valueName\":\"search_term_string\"}}],\"inLanguage\":\"de\"}]}<\/script>\n<!-- \/ Yoast SEO plugin. -->","yoast_head_json":{"title":"Jobs - Schwanger wir helfen","robots":{"index":"index","follow":"follow","max-snippet":"max-snippet:-1","max-image-preview":"max-image-preview:large","max-video-preview":"max-video-preview:-1"},"canonical":"https:\/\/schwanger-wir-helfen.ch\/?page_id=805","og_locale":"de_DE","og_type":"article","og_title":"Jobs - Schwanger wir helfen","og_description":"momentan sind alle unsere Stellen besetzt &#8211; freiwillige Mitarbeit ist aber immer herzlich willkommen! M\u00f6chten Sie uns als freiwillige Mitarbeiterin \/ als freiwilliger Mitarbeiter unterst\u00fctzen? Gerne informieren wir Sie \u00fcber M\u00f6glichkeiten zur Mitarbeit! Rufen Sie uns an: 031 961 64","og_url":"https:\/\/schwanger-wir-helfen.ch\/?page_id=805","og_site_name":"Schwanger wir helfen","article_modified_time":"2025-08-21T08:36:14+00:00","twitter_card":"summary_large_image","twitter_misc":{"Gesch\u00e4tzte Lesezeit":"1\u00a0Minute"},"schema":{"@context":"https:\/\/schema.org","@graph":[{"@type":"WebPage","@id":"https:\/\/schwanger-wir-helfen.ch\/?page_id=805","url":"https:\/\/schwanger-wir-helfen.ch\/?page_id=805","name":"Jobs - Schwanger wir helfen","isPartOf":{"@id":"https:\/\/schwanger-wir-helfen.ch\/#website"},"datePublished":"2025-07-03T10:11:42+00:00","dateModified":"2025-08-21T08:36:14+00:00","breadcrumb":{"@id":"https:\/\/schwanger-wir-helfen.ch\/?page_id=805#breadcrumb"},"inLanguage":"de","potentialAction":[{"@type":"ReadAction","target":["https:\/\/schwanger-wir-helfen.ch\/?page_id=805"]}]},{"@type":"BreadcrumbList","@id":"https:\/\/schwanger-wir-helfen.ch\/?page_id=805#breadcrumb","itemListElement":[{"@type":"ListItem","position":1,"name":"Home","item":"https:\/\/schwanger-wir-helfen.ch\/"},{"@type":"ListItem","position":2,"name":"Jobs"}]},{"@type":"WebSite","@id":"https:\/\/schwanger-wir-helfen.ch\/#website","url":"https:\/\/schwanger-wir-helfen.ch\/","name":"Schwanger wir helfen","description":"Unabh\u00e4nige Anlaufstelle f\u00fcr Beratung","potentialAction":[{"@type":"SearchAction","target":{"@type":"EntryPoint","urlTemplate":"https:\/\/schwanger-wir-helfen.ch\/?s={search_term_string}"},"query-input":{"@type":"PropertyValueSpecification","valueRequired":true,"valueName":"search_term_string"}}],"inLanguage":"de"}]}},"_links":{"self":[{"href":"https:\/\/schwanger-wir-helfen.ch\/index.php?rest_route=\/wp\/v2\/pages\/805","targetHints":{"allow":["GET"]}}],"collection":[{"href":"https:\/\/schwanger-wir-helfen.ch\/index.php?rest_route=\/wp\/v2\/pages"}],"about":[{"href":"https:\/\/schwanger-wir-helfen.ch\/index.php?rest_route=\/wp\/v2\/types\/page"}],"author":[{"embeddable":true,"href":"https:\/\/schwanger-wir-helfen.ch\/index.php?rest_route=\/wp\/v2\/users\/1"}],"replies":[{"embeddable":true,"href":"https:\/\/schwanger-wir-helfen.ch\/index.php?rest_route=%2Fwp%2Fv2%2Fcomments&post=805"}],"version-history":[{"count":7,"href":"https:\/\/schwanger-wir-helfen.ch\/index.php?rest_route=\/wp\/v2\/pages\/805\/revisions"}],"predecessor-version":[{"id":824,"href":"https:\/\/schwanger-wir-helfen.ch\/index.php?rest_route=\/wp\/v2\/pages\/805\/revisions\/824"}],"wp:attachment":[{"href":"https:\/\/schwanger-wir-helfen.ch\/index.php?rest_route=%2Fwp%2Fv2%2Fmedia&parent=805"}],"curies":[{"name":"wp","href":"https:\/\/api.w.org\/{rel}","templated":true}]}}