{"id":74,"date":"2015-04-27T15:03:46","date_gmt":"2015-04-27T13:03:46","guid":{"rendered":"http:\/\/web-look.ch\/swh-2015\/?page_id=74"},"modified":"2026-01-31T10:37:11","modified_gmt":"2026-01-31T09:37:11","slug":"wie-sie-helfen-koennen","status":"publish","type":"page","link":"https:\/\/schwanger-wir-helfen.ch\/?page_id=74","title":{"rendered":"Mithelfen"},"content":{"rendered":"<h3><a href=\"http:\/\/web-look.ch\/swh-2015\/wp-content\/uploads\/2015\/04\/467333_original_R_K_by_Lisa-Schwarz_pixelio.de_-e1430767519378.jpg\"><img loading=\"lazy\" decoding=\"async\" class=\"alignright wp-image-33 \" src=\"http:\/\/web-look.ch\/swh-2015\/wp-content\/uploads\/2015\/04\/467333_original_R_K_by_Lisa-Schwarz_pixelio.de_-300x200.jpg\" alt=\"\" width=\"262\" height=\"174\" \/><\/a><span style=\"color: #800080;\">Sie k\u00f6nnen uns in mancher Hinsicht unterst\u00fctzen und wirksam helfen<\/span><\/h3>\n<ul>\n<li>Werden Sie Mitglied unseres Vereins und spenden Sie den j\u00e4hrlichen Mitgliederbeitrag.<\/li>\n<li>Spenden Sie regelm\u00e4ssig.<br \/>\nMit CHF 100.- erm\u00f6glichen Sie einer Frau eine f\u00fcr sie kostenlose Beratung.<\/li>\n<li>Spenden Sie Ausstattungsgegenst\u00e4nde:<strong><span style=\"color: #800080;\">\u00a0<a href=\"http:\/\/web-look.ch\/swh-2015\/wp-content\/uploads\/2025\/08\/Babyartikel-gesucht-1-1.pdf\">Babyartikel gesucht<\/a><\/span><\/strong><\/li>\n<\/ul>\n<p>Mit Ihrer Spende geben Sie in Not geratenen schwangeren Frauen eine neue Perspektive f\u00fcr ihr Leben mit dem Kind. Informieren Sie Ihre Bekannten und Freunde. Wir brauchen Ihre Unterst\u00fctzung.<br \/>\nSpendenkonto 30-19339-6<br \/>\nIBAN: CH12 0900 0000 3001 9339 6<\/p>\n<p>&nbsp;<\/p>\n<p><img loading=\"lazy\" decoding=\"async\" class=\"alignleft\" src=\"http:\/\/web-look.ch\/swh-2015\/wp-content\/uploads\/2022\/08\/QR-Schein_swh.jpg\" alt=\"\" width=\"150\" height=\"151\" \/><\/p>\n<p>&nbsp;<\/p>\n<p><span style=\"text-align: center;\">Mit Ihrer <span style=\"color: #800080;\">Bank- oder Postfinance-App<\/span><\/span><\/p>\n<p><span style=\"text-align: center;\">den QR-Code scannen und spenden. Danke.<\/span><\/p>\n<p>&nbsp;<\/p>\n<p>&nbsp;<\/p>\n<p><span style=\"text-decoration: underline;\"><script type=\"module\">\n  import {PaylinkButton} from \"https:\/\/donate.raisenow.io\/button.js\"\n  PaylinkButton.render('#rnw-paylink-button', {'solution-id': \"rmjdf\", 'solution-type': \"donate\", language: \"de\", size: \"large\", width: \"fixed\", 'color-scheme': \"dark\"})\n<\/script><a href=\"http:\/\/web-look.ch\/swh-2015\/wp-content\/uploads\/2025\/05\/TWINT-QR-Code.png\">Twint QR Code<\/a><\/span><\/p>\n<hr \/>\n<p><span style=\"color: #800080;\"><strong>Kontaktformular<\/strong><\/span><\/p>\n\n<div class=\"wpcf7 no-js\" id=\"wpcf7-f23-o1\" lang=\"de-DE\" dir=\"ltr\" data-wpcf7-id=\"23\">\n<div class=\"screen-reader-response\"><p role=\"status\" aria-live=\"polite\" aria-atomic=\"true\"><\/p> <ul><\/ul><\/div>\n<form action=\"\/index.php?rest_route=%2Fwp%2Fv2%2Fpages%2F74#wpcf7-f23-o1\" method=\"post\" class=\"wpcf7-form init\" aria-label=\"Kontaktformular\" novalidate=\"novalidate\" data-status=\"init\">\n<fieldset class=\"hidden-fields-container\"><input type=\"hidden\" name=\"_wpcf7\" value=\"23\" \/><input type=\"hidden\" name=\"_wpcf7_version\" value=\"6.1.6\" \/><input type=\"hidden\" name=\"_wpcf7_locale\" value=\"de_DE\" \/><input type=\"hidden\" name=\"_wpcf7_unit_tag\" value=\"wpcf7-f23-o1\" \/><input type=\"hidden\" name=\"_wpcf7_container_post\" value=\"0\" \/><input type=\"hidden\" name=\"_wpcf7_posted_data_hash\" value=\"\" \/>\n<\/fieldset>\n<p><span class=\"wpcf7-form-control-wrap\" data-name=\"Mitglied\"><span class=\"wpcf7-form-control wpcf7-checkbox\"><span class=\"wpcf7-list-item first last\"><input type=\"checkbox\" name=\"Mitglied[]\" value=\"Ich m\u00f6chte Mitglied werden\" \/><span class=\"wpcf7-list-item-label\">Ich m\u00f6chte Mitglied werden<\/span><\/span><\/span><\/span>.\n<\/p>\n<p><span class=\"wpcf7-form-control-wrap\" data-name=\"Mitarbeit\"><span class=\"wpcf7-form-control wpcf7-checkbox\"><span class=\"wpcf7-list-item first last\"><input type=\"checkbox\" name=\"Mitarbeit[]\" value=\"Ich m\u00f6chte aktiv mitarbeiten.\" \/><span class=\"wpcf7-list-item-label\">Ich m\u00f6chte aktiv mitarbeiten.<\/span><\/span><\/span><\/span> Bitte nehmen Sie mit mir Kontakt auf.\n<\/p>\n<p><span class=\"wpcf7-form-control-wrap\" data-name=\"Spenden\"><span class=\"wpcf7-form-control wpcf7-checkbox\"><span class=\"wpcf7-list-item first last\"><input type=\"checkbox\" name=\"Spenden[]\" value=\"Ich m\u00f6chte spenden.\" \/><span class=\"wpcf7-list-item-label\">Ich m\u00f6chte spenden.<\/span><\/span><\/span><\/span> Bitte senden Sie mir Einzahlungsscheine f\u00fcr eine Spende.\n<\/p>\n<p><span class=\"wpcf7-form-control-wrap\" data-name=\"Patenschaft\"><span class=\"wpcf7-form-control wpcf7-checkbox\"><span class=\"wpcf7-list-item first last\"><input type=\"checkbox\" name=\"Patenschaft[]\" value=\"Ich \u00fcbernehme eine Patenschaft.\" \/><span class=\"wpcf7-list-item-label\">Ich \u00fcbernehme eine Patenschaft.<\/span><\/span><\/span><\/span>\n<\/p>\n<p>(* Pflichtfelder)<br \/>\n<span class=\"wpcf7-form-control-wrap\" data-name=\"fname\"><input size=\"40\" maxlength=\"400\" class=\"wpcf7-form-control wpcf7-text wpcf7-validates-as-required\" aria-required=\"true\" aria-invalid=\"false\" placeholder=\"* Name\" value=\"\" type=\"text\" name=\"fname\" \/><\/span><br \/>\n<span class=\"wpcf7-form-control-wrap\" data-name=\"vorname\"><input size=\"40\" maxlength=\"400\" class=\"wpcf7-form-control wpcf7-text wpcf7-validates-as-required\" aria-required=\"true\" aria-invalid=\"false\" placeholder=\"* Vorname\" value=\"\" type=\"text\" name=\"vorname\" \/><\/span><br \/>\n<span class=\"wpcf7-form-control-wrap\" data-name=\"strasse\"><input size=\"40\" maxlength=\"400\" class=\"wpcf7-form-control wpcf7-text\" aria-invalid=\"false\" placeholder=\"Strasse\" value=\"\" type=\"text\" name=\"strasse\" \/><\/span><br \/>\n<span class=\"wpcf7-form-control-wrap\" data-name=\"plz_ort\"><input size=\"40\" maxlength=\"400\" class=\"wpcf7-form-control wpcf7-text\" aria-invalid=\"false\" placeholder=\"PLZ und Ort\" value=\"\" type=\"text\" name=\"plz_ort\" \/><\/span><br \/>\n<span class=\"wpcf7-form-control-wrap\" data-name=\"telefon\"><input size=\"40\" maxlength=\"400\" class=\"wpcf7-form-control wpcf7-text\" aria-invalid=\"false\" placeholder=\"Telefon\" value=\"\" type=\"text\" name=\"telefon\" \/><\/span><br \/>\n<span class=\"wpcf7-form-control-wrap\" data-name=\"e_mail\"><input size=\"40\" maxlength=\"400\" class=\"wpcf7-form-control wpcf7-email wpcf7-text wpcf7-validates-as-email\" aria-invalid=\"false\" placeholder=\"E-Mail\" value=\"\" type=\"email\" name=\"e_mail\" \/><\/span><br \/>\n<span class=\"wpcf7-form-control-wrap\" data-name=\"message\"><textarea cols=\"40\" rows=\"10\" maxlength=\"2000\" class=\"wpcf7-form-control wpcf7-textarea\" aria-invalid=\"false\" placeholder=\"Ihre Anliegen oder Ihre Frage\" name=\"message\"><\/textarea><\/span>\n<\/p>\n<p><input type=\"hidden\" name=\"_wpcf7_captcha_challenge_captcha-757\" value=\"544927524\" \/><img loading=\"lazy\" decoding=\"async\" class=\"wpcf7-form-control wpcf7-captchac wpcf7-captcha-captcha-757\" width=\"72\" height=\"24\" alt=\"captcha\" src=\"https:\/\/web-look.ch\/swh-2015\/wp-content\/uploads\/wpcf7_captcha\/544927524.png\" \/><br \/>\nBitte tragen Sie die Zeichen in das untere Feld ein um die Nachricht abzuschicken.<br \/>\n<span class=\"wpcf7-form-control-wrap\" data-name=\"captcha-757\"><input size=\"40\" class=\"wpcf7-form-control wpcf7-captchar\" autocomplete=\"off\" aria-invalid=\"false\" value=\"\" type=\"text\" name=\"captcha-757\" \/><\/span>\n<\/p>\n<p><input class=\"wpcf7-form-control wpcf7-submit has-spinner\" type=\"submit\" value=\"Senden\" \/>\n<\/p><div class=\"wpcf7-response-output\" aria-hidden=\"true\"><\/div>\n<\/form>\n<\/div>\n\n<p>&nbsp;<\/p>\n","protected":false},"excerpt":{"rendered":"<p>Sie k\u00f6nnen uns in mancher Hinsicht unterst\u00fctzen und wirksam helfen Werden Sie Mitglied unseres Vereins und spenden Sie den j\u00e4hrlichen Mitgliederbeitrag. Spenden Sie regelm\u00e4ssig. Mit CHF 100.- erm\u00f6glichen Sie einer Frau eine f\u00fcr sie kostenlose Beratung. Spenden Sie Ausstattungsgegenst\u00e4nde:\u00a0Babyartikel gesucht<\/p>\n","protected":false},"author":1,"featured_media":0,"parent":0,"menu_order":7,"comment_status":"closed","ping_status":"closed","template":"","meta":{"footnotes":""},"class_list":["post-74","page","type-page","status-publish","hentry"],"yoast_head":"<!-- This site is optimized with the Yoast SEO plugin v27.6 - https:\/\/yoast.com\/product\/yoast-seo-wordpress\/ -->\n<title>Mithelfen - Schwanger wir helfen<\/title>\n<meta name=\"description\" content=\"Mit Unterst\u00fctzung, Naturalgaben, einer Spende, durch Mitgliedschaft oder einer Patenschaft k\u00f6nnen Sie direkt und wirksam helfen.\" \/>\n<meta name=\"robots\" content=\"index, follow, max-snippet:-1, max-image-preview:large, max-video-preview:-1\" \/>\n<link rel=\"canonical\" href=\"https:\/\/schwanger-wir-helfen.ch\/?page_id=74\" \/>\n<meta property=\"og:locale\" content=\"de_DE\" \/>\n<meta property=\"og:type\" content=\"article\" \/>\n<meta property=\"og:title\" content=\"Mithelfen - Schwanger wir helfen\" \/>\n<meta property=\"og:description\" content=\"Mit Unterst\u00fctzung, Naturalgaben, einer Spende, durch Mitgliedschaft oder einer Patenschaft k\u00f6nnen Sie direkt und wirksam helfen.\" \/>\n<meta property=\"og:url\" content=\"https:\/\/schwanger-wir-helfen.ch\/?page_id=74\" \/>\n<meta property=\"og:site_name\" content=\"Schwanger wir helfen\" \/>\n<meta property=\"article:modified_time\" content=\"2026-01-31T09:37:11+00:00\" \/>\n<meta property=\"og:image\" content=\"http:\/\/web-look.ch\/swh-2015\/wp-content\/uploads\/2015\/04\/467333_original_R_K_by_Lisa-Schwarz_pixelio.de_-300x200.jpg\" \/>\n<meta name=\"twitter:card\" content=\"summary_large_image\" \/>\n<meta name=\"twitter:label1\" content=\"Gesch\u00e4tzte Lesezeit\" \/>\n\t<meta name=\"twitter:data1\" content=\"1\u00a0Minute\" \/>\n<script type=\"application\/ld+json\" class=\"yoast-schema-graph\">{\"@context\":\"https:\\\/\\\/schema.org\",\"@graph\":[{\"@type\":\"WebPage\",\"@id\":\"https:\\\/\\\/schwanger-wir-helfen.ch\\\/?page_id=74\",\"url\":\"https:\\\/\\\/schwanger-wir-helfen.ch\\\/?page_id=74\",\"name\":\"Mithelfen - Schwanger wir helfen\",\"isPartOf\":{\"@id\":\"https:\\\/\\\/schwanger-wir-helfen.ch\\\/#website\"},\"primaryImageOfPage\":{\"@id\":\"https:\\\/\\\/schwanger-wir-helfen.ch\\\/?page_id=74#primaryimage\"},\"image\":{\"@id\":\"https:\\\/\\\/schwanger-wir-helfen.ch\\\/?page_id=74#primaryimage\"},\"thumbnailUrl\":\"http:\\\/\\\/web-look.ch\\\/swh-2015\\\/wp-content\\\/uploads\\\/2015\\\/04\\\/467333_original_R_K_by_Lisa-Schwarz_pixelio.de_-300x200.jpg\",\"datePublished\":\"2015-04-27T13:03:46+00:00\",\"dateModified\":\"2026-01-31T09:37:11+00:00\",\"description\":\"Mit Unterst\u00fctzung, Naturalgaben, einer Spende, durch Mitgliedschaft oder einer Patenschaft k\u00f6nnen Sie direkt und wirksam helfen.\",\"breadcrumb\":{\"@id\":\"https:\\\/\\\/schwanger-wir-helfen.ch\\\/?page_id=74#breadcrumb\"},\"inLanguage\":\"de\",\"potentialAction\":[{\"@type\":\"ReadAction\",\"target\":[\"https:\\\/\\\/schwanger-wir-helfen.ch\\\/?page_id=74\"]}]},{\"@type\":\"ImageObject\",\"inLanguage\":\"de\",\"@id\":\"https:\\\/\\\/schwanger-wir-helfen.ch\\\/?page_id=74#primaryimage\",\"url\":\"http:\\\/\\\/web-look.ch\\\/swh-2015\\\/wp-content\\\/uploads\\\/2015\\\/04\\\/467333_original_R_K_by_Lisa-Schwarz_pixelio.de_-300x200.jpg\",\"contentUrl\":\"http:\\\/\\\/web-look.ch\\\/swh-2015\\\/wp-content\\\/uploads\\\/2015\\\/04\\\/467333_original_R_K_by_Lisa-Schwarz_pixelio.de_-300x200.jpg\"},{\"@type\":\"BreadcrumbList\",\"@id\":\"https:\\\/\\\/schwanger-wir-helfen.ch\\\/?page_id=74#breadcrumb\",\"itemListElement\":[{\"@type\":\"ListItem\",\"position\":1,\"name\":\"Home\",\"item\":\"https:\\\/\\\/schwanger-wir-helfen.ch\\\/\"},{\"@type\":\"ListItem\",\"position\":2,\"name\":\"Mithelfen\"}]},{\"@type\":\"WebSite\",\"@id\":\"https:\\\/\\\/schwanger-wir-helfen.ch\\\/#website\",\"url\":\"https:\\\/\\\/schwanger-wir-helfen.ch\\\/\",\"name\":\"Schwanger wir helfen\",\"description\":\"Unabh\u00e4nige Anlaufstelle f\u00fcr Beratung\",\"potentialAction\":[{\"@type\":\"SearchAction\",\"target\":{\"@type\":\"EntryPoint\",\"urlTemplate\":\"https:\\\/\\\/schwanger-wir-helfen.ch\\\/?s={search_term_string}\"},\"query-input\":{\"@type\":\"PropertyValueSpecification\",\"valueRequired\":true,\"valueName\":\"search_term_string\"}}],\"inLanguage\":\"de\"}]}<\/script>\n<!-- \/ Yoast SEO plugin. -->","yoast_head_json":{"title":"Mithelfen - Schwanger wir helfen","description":"Mit Unterst\u00fctzung, Naturalgaben, einer Spende, durch Mitgliedschaft oder einer Patenschaft k\u00f6nnen Sie direkt und wirksam helfen.","robots":{"index":"index","follow":"follow","max-snippet":"max-snippet:-1","max-image-preview":"max-image-preview:large","max-video-preview":"max-video-preview:-1"},"canonical":"https:\/\/schwanger-wir-helfen.ch\/?page_id=74","og_locale":"de_DE","og_type":"article","og_title":"Mithelfen - Schwanger wir helfen","og_description":"Mit Unterst\u00fctzung, Naturalgaben, einer Spende, durch Mitgliedschaft oder einer Patenschaft k\u00f6nnen Sie direkt und wirksam helfen.","og_url":"https:\/\/schwanger-wir-helfen.ch\/?page_id=74","og_site_name":"Schwanger wir helfen","article_modified_time":"2026-01-31T09:37:11+00:00","og_image":[{"url":"http:\/\/web-look.ch\/swh-2015\/wp-content\/uploads\/2015\/04\/467333_original_R_K_by_Lisa-Schwarz_pixelio.de_-300x200.jpg","type":"","width":"","height":""}],"twitter_card":"summary_large_image","twitter_misc":{"Gesch\u00e4tzte Lesezeit":"1\u00a0Minute"},"schema":{"@context":"https:\/\/schema.org","@graph":[{"@type":"WebPage","@id":"https:\/\/schwanger-wir-helfen.ch\/?page_id=74","url":"https:\/\/schwanger-wir-helfen.ch\/?page_id=74","name":"Mithelfen - Schwanger wir helfen","isPartOf":{"@id":"https:\/\/schwanger-wir-helfen.ch\/#website"},"primaryImageOfPage":{"@id":"https:\/\/schwanger-wir-helfen.ch\/?page_id=74#primaryimage"},"image":{"@id":"https:\/\/schwanger-wir-helfen.ch\/?page_id=74#primaryimage"},"thumbnailUrl":"http:\/\/web-look.ch\/swh-2015\/wp-content\/uploads\/2015\/04\/467333_original_R_K_by_Lisa-Schwarz_pixelio.de_-300x200.jpg","datePublished":"2015-04-27T13:03:46+00:00","dateModified":"2026-01-31T09:37:11+00:00","description":"Mit Unterst\u00fctzung, Naturalgaben, einer Spende, durch Mitgliedschaft oder einer Patenschaft k\u00f6nnen Sie direkt und wirksam helfen.","breadcrumb":{"@id":"https:\/\/schwanger-wir-helfen.ch\/?page_id=74#breadcrumb"},"inLanguage":"de","potentialAction":[{"@type":"ReadAction","target":["https:\/\/schwanger-wir-helfen.ch\/?page_id=74"]}]},{"@type":"ImageObject","inLanguage":"de","@id":"https:\/\/schwanger-wir-helfen.ch\/?page_id=74#primaryimage","url":"http:\/\/web-look.ch\/swh-2015\/wp-content\/uploads\/2015\/04\/467333_original_R_K_by_Lisa-Schwarz_pixelio.de_-300x200.jpg","contentUrl":"http:\/\/web-look.ch\/swh-2015\/wp-content\/uploads\/2015\/04\/467333_original_R_K_by_Lisa-Schwarz_pixelio.de_-300x200.jpg"},{"@type":"BreadcrumbList","@id":"https:\/\/schwanger-wir-helfen.ch\/?page_id=74#breadcrumb","itemListElement":[{"@type":"ListItem","position":1,"name":"Home","item":"https:\/\/schwanger-wir-helfen.ch\/"},{"@type":"ListItem","position":2,"name":"Mithelfen"}]},{"@type":"WebSite","@id":"https:\/\/schwanger-wir-helfen.ch\/#website","url":"https:\/\/schwanger-wir-helfen.ch\/","name":"Schwanger wir helfen","description":"Unabh\u00e4nige Anlaufstelle f\u00fcr Beratung","potentialAction":[{"@type":"SearchAction","target":{"@type":"EntryPoint","urlTemplate":"https:\/\/schwanger-wir-helfen.ch\/?s={search_term_string}"},"query-input":{"@type":"PropertyValueSpecification","valueRequired":true,"valueName":"search_term_string"}}],"inLanguage":"de"}]}},"_links":{"self":[{"href":"https:\/\/schwanger-wir-helfen.ch\/index.php?rest_route=\/wp\/v2\/pages\/74","targetHints":{"allow":["GET"]}}],"collection":[{"href":"https:\/\/schwanger-wir-helfen.ch\/index.php?rest_route=\/wp\/v2\/pages"}],"about":[{"href":"https:\/\/schwanger-wir-helfen.ch\/index.php?rest_route=\/wp\/v2\/types\/page"}],"author":[{"embeddable":true,"href":"https:\/\/schwanger-wir-helfen.ch\/index.php?rest_route=\/wp\/v2\/users\/1"}],"replies":[{"embeddable":true,"href":"https:\/\/schwanger-wir-helfen.ch\/index.php?rest_route=%2Fwp%2Fv2%2Fcomments&post=74"}],"version-history":[{"count":43,"href":"https:\/\/schwanger-wir-helfen.ch\/index.php?rest_route=\/wp\/v2\/pages\/74\/revisions"}],"predecessor-version":[{"id":441,"href":"https:\/\/schwanger-wir-helfen.ch\/index.php?rest_route=\/wp\/v2\/pages\/74\/revisions\/441"}],"wp:attachment":[{"href":"https:\/\/schwanger-wir-helfen.ch\/index.php?rest_route=%2Fwp%2Fv2%2Fmedia&parent=74"}],"curies":[{"name":"wp","href":"https:\/\/api.w.org\/{rel}","templated":true}]}}