{"id":697,"date":"2024-12-12T13:35:45","date_gmt":"2024-12-12T12:35:45","guid":{"rendered":"https:\/\/schwanger-wir-helfen.ch\/?page_id=697"},"modified":"2025-07-03T12:34:18","modified_gmt":"2025-07-03T10:34:18","slug":"links","status":"publish","type":"page","link":"https:\/\/schwanger-wir-helfen.ch\/?page_id=697","title":{"rendered":"Links"},"content":{"rendered":"<p>&nbsp;<\/p>\n<p><strong>Pro Femina<\/strong><\/p>\n<p>Bietet eine umfangreiche Auswahl an digitaler und pers\u00f6nlicher Beratung \u2013 sofort verf\u00fcgbar und speziell auf die Bed\u00fcrfnisse von Schwangeren in Not abgestimmt:<\/p>\n<p><span style=\"color: #800080;\"><a style=\"color: #800080;\" href=\"https:\/\/www.profemina.org\/de-ch\">www.profemina.org<\/a><\/span><\/p>\n<p>&nbsp;<\/p>\n<p><strong>Schweizerische Hilfe f\u00fcr Mutter und Kind<\/strong><\/p>\n<p>Hilft unverbindlich in der ganzen Schweiz Frauen und Familien, die durch eine Schwangerschaft in Not geraten mit Beratung und Unterst\u00fctzung.<\/p>\n<p><span style=\"color: #800080;\"><a style=\"color: #800080;\" href=\"http:\/\/www.prodonna.ch\">www.prodonna.ch<\/a><\/span><\/p>\n<p><span style=\"color: #800080;\"><a style=\"color: #800080;\" href=\"https:\/\/www.shmk.ch\/\">www.shmk.ch<\/a><\/span><\/p>\n<p>&nbsp;<\/p>\n<p><strong>Kinderkleiderb\u00f6rse Balu<\/strong>\u00a0<strong>K\u00f6niz<\/strong><\/p>\n<p>In der Kinderkleiderb\u00f6rse Balu in K\u00f6niz finden Sie alles f\u00fcr Babys und Kinder von 0-14 Jahren. Als eine der gr\u00f6ssten Kinderb\u00f6rsen der Schweiz stellt sie gut erhaltene Secondhand-Artikel zu g\u00fcnstigen Preisen zur Verf\u00fcgung:<\/p>\n<p><span style=\"color: #800080;\"><a style=\"color: #800080;\" href=\"https:\/\/balu-koeniz.ch\/\">www.balu-koeniz.ch<\/a><\/span><\/p>\n<p>&nbsp;<\/p>\n<p><strong>Kinderkleiderb\u00f6rse Grossh\u00f6chstetten<\/strong><\/p>\n<p><span style=\"color: #800080;\"><a style=\"color: #800080;\" href=\"https:\/\/fliegenpilz-secondhand.ch\/\">www.fliegenpilz-secondhand.ch<\/a><\/span><\/p>\n<p>&nbsp;<\/p>\n<p><strong>Kleiderb\u00f6rse Kinder &amp; Erwachsene Ittigen<\/strong><\/p>\n<p><span style=\"color: #800080;\"><a style=\"color: #800080;\" href=\"https:\/\/frauenverein-ittigen.ch\/kleiderboerse.html\">www.frauenverein-ittigen.ch<\/a><\/span><\/p>\n<p>&nbsp;<\/p>\n<p><strong>Winterhilfe<\/strong><\/p>\n<p>Unterst\u00fctzt Armutsbetroffene:<\/p>\n<p><span style=\"color: #800080;\"><a style=\"color: #800080;\" href=\"https:\/\/www.be.winterhilfe.ch\/\">www.be.winterhilfe.ch<\/a><\/span><\/p>\n<p>&nbsp;<\/p>\n<p>&nbsp;<\/p>\n<p>&nbsp;<\/p>\n","protected":false},"excerpt":{"rendered":"<p>&nbsp; Pro Femina Bietet eine umfangreiche Auswahl an digitaler und pers\u00f6nlicher Beratung \u2013 sofort verf\u00fcgbar und speziell auf die Bed\u00fcrfnisse von Schwangeren in Not abgestimmt: www.profemina.org &nbsp; Schweizerische Hilfe f\u00fcr Mutter und Kind Hilft unverbindlich in der ganzen Schweiz Frauen<\/p>\n","protected":false},"author":1,"featured_media":0,"parent":0,"menu_order":9,"comment_status":"closed","ping_status":"closed","template":"","meta":{"footnotes":""},"class_list":["post-697","page","type-page","status-publish","hentry"],"yoast_head":"<!-- This site is optimized with the Yoast SEO plugin v27.6 - https:\/\/yoast.com\/product\/yoast-seo-wordpress\/ -->\n<title>Links - Schwanger wir helfen<\/title>\n<meta name=\"robots\" content=\"index, follow, max-snippet:-1, max-image-preview:large, max-video-preview:-1\" \/>\n<link rel=\"canonical\" href=\"https:\/\/schwanger-wir-helfen.ch\/?page_id=697\" \/>\n<meta property=\"og:locale\" content=\"de_DE\" \/>\n<meta property=\"og:type\" content=\"article\" \/>\n<meta property=\"og:title\" content=\"Links - Schwanger wir helfen\" \/>\n<meta property=\"og:description\" content=\"&nbsp; Pro Femina Bietet eine umfangreiche Auswahl an digitaler und pers\u00f6nlicher Beratung \u2013 sofort verf\u00fcgbar und speziell auf die Bed\u00fcrfnisse von Schwangeren in Not abgestimmt: www.profemina.org &nbsp; Schweizerische Hilfe f\u00fcr Mutter und Kind Hilft unverbindlich in der ganzen Schweiz Frauen\" \/>\n<meta property=\"og:url\" content=\"https:\/\/schwanger-wir-helfen.ch\/?page_id=697\" \/>\n<meta property=\"og:site_name\" content=\"Schwanger wir helfen\" \/>\n<meta property=\"article:modified_time\" content=\"2025-07-03T10:34:18+00:00\" \/>\n<meta name=\"twitter:card\" content=\"summary_large_image\" \/>\n<meta name=\"twitter:label1\" content=\"Gesch\u00e4tzte Lesezeit\" \/>\n\t<meta name=\"twitter:data1\" content=\"1\u00a0Minute\" \/>\n<script type=\"application\/ld+json\" class=\"yoast-schema-graph\">{\"@context\":\"https:\\\/\\\/schema.org\",\"@graph\":[{\"@type\":\"WebPage\",\"@id\":\"https:\\\/\\\/schwanger-wir-helfen.ch\\\/?page_id=697\",\"url\":\"https:\\\/\\\/schwanger-wir-helfen.ch\\\/?page_id=697\",\"name\":\"Links - Schwanger wir helfen\",\"isPartOf\":{\"@id\":\"https:\\\/\\\/schwanger-wir-helfen.ch\\\/#website\"},\"datePublished\":\"2024-12-12T12:35:45+00:00\",\"dateModified\":\"2025-07-03T10:34:18+00:00\",\"breadcrumb\":{\"@id\":\"https:\\\/\\\/schwanger-wir-helfen.ch\\\/?page_id=697#breadcrumb\"},\"inLanguage\":\"de\",\"potentialAction\":[{\"@type\":\"ReadAction\",\"target\":[\"https:\\\/\\\/schwanger-wir-helfen.ch\\\/?page_id=697\"]}]},{\"@type\":\"BreadcrumbList\",\"@id\":\"https:\\\/\\\/schwanger-wir-helfen.ch\\\/?page_id=697#breadcrumb\",\"itemListElement\":[{\"@type\":\"ListItem\",\"position\":1,\"name\":\"Home\",\"item\":\"https:\\\/\\\/schwanger-wir-helfen.ch\\\/\"},{\"@type\":\"ListItem\",\"position\":2,\"name\":\"Links\"}]},{\"@type\":\"WebSite\",\"@id\":\"https:\\\/\\\/schwanger-wir-helfen.ch\\\/#website\",\"url\":\"https:\\\/\\\/schwanger-wir-helfen.ch\\\/\",\"name\":\"Schwanger wir helfen\",\"description\":\"Unabh\u00e4nige Anlaufstelle f\u00fcr Beratung\",\"potentialAction\":[{\"@type\":\"SearchAction\",\"target\":{\"@type\":\"EntryPoint\",\"urlTemplate\":\"https:\\\/\\\/schwanger-wir-helfen.ch\\\/?s={search_term_string}\"},\"query-input\":{\"@type\":\"PropertyValueSpecification\",\"valueRequired\":true,\"valueName\":\"search_term_string\"}}],\"inLanguage\":\"de\"}]}<\/script>\n<!-- \/ Yoast SEO plugin. -->","yoast_head_json":{"title":"Links - Schwanger wir helfen","robots":{"index":"index","follow":"follow","max-snippet":"max-snippet:-1","max-image-preview":"max-image-preview:large","max-video-preview":"max-video-preview:-1"},"canonical":"https:\/\/schwanger-wir-helfen.ch\/?page_id=697","og_locale":"de_DE","og_type":"article","og_title":"Links - Schwanger wir helfen","og_description":"&nbsp; Pro Femina Bietet eine umfangreiche Auswahl an digitaler und pers\u00f6nlicher Beratung \u2013 sofort verf\u00fcgbar und speziell auf die Bed\u00fcrfnisse von Schwangeren in Not abgestimmt: www.profemina.org &nbsp; Schweizerische Hilfe f\u00fcr Mutter und Kind Hilft unverbindlich in der ganzen Schweiz Frauen","og_url":"https:\/\/schwanger-wir-helfen.ch\/?page_id=697","og_site_name":"Schwanger wir helfen","article_modified_time":"2025-07-03T10:34:18+00:00","twitter_card":"summary_large_image","twitter_misc":{"Gesch\u00e4tzte Lesezeit":"1\u00a0Minute"},"schema":{"@context":"https:\/\/schema.org","@graph":[{"@type":"WebPage","@id":"https:\/\/schwanger-wir-helfen.ch\/?page_id=697","url":"https:\/\/schwanger-wir-helfen.ch\/?page_id=697","name":"Links - Schwanger wir helfen","isPartOf":{"@id":"https:\/\/schwanger-wir-helfen.ch\/#website"},"datePublished":"2024-12-12T12:35:45+00:00","dateModified":"2025-07-03T10:34:18+00:00","breadcrumb":{"@id":"https:\/\/schwanger-wir-helfen.ch\/?page_id=697#breadcrumb"},"inLanguage":"de","potentialAction":[{"@type":"ReadAction","target":["https:\/\/schwanger-wir-helfen.ch\/?page_id=697"]}]},{"@type":"BreadcrumbList","@id":"https:\/\/schwanger-wir-helfen.ch\/?page_id=697#breadcrumb","itemListElement":[{"@type":"ListItem","position":1,"name":"Home","item":"https:\/\/schwanger-wir-helfen.ch\/"},{"@type":"ListItem","position":2,"name":"Links"}]},{"@type":"WebSite","@id":"https:\/\/schwanger-wir-helfen.ch\/#website","url":"https:\/\/schwanger-wir-helfen.ch\/","name":"Schwanger wir helfen","description":"Unabh\u00e4nige Anlaufstelle f\u00fcr Beratung","potentialAction":[{"@type":"SearchAction","target":{"@type":"EntryPoint","urlTemplate":"https:\/\/schwanger-wir-helfen.ch\/?s={search_term_string}"},"query-input":{"@type":"PropertyValueSpecification","valueRequired":true,"valueName":"search_term_string"}}],"inLanguage":"de"}]}},"_links":{"self":[{"href":"https:\/\/schwanger-wir-helfen.ch\/index.php?rest_route=\/wp\/v2\/pages\/697","targetHints":{"allow":["GET"]}}],"collection":[{"href":"https:\/\/schwanger-wir-helfen.ch\/index.php?rest_route=\/wp\/v2\/pages"}],"about":[{"href":"https:\/\/schwanger-wir-helfen.ch\/index.php?rest_route=\/wp\/v2\/types\/page"}],"author":[{"embeddable":true,"href":"https:\/\/schwanger-wir-helfen.ch\/index.php?rest_route=\/wp\/v2\/users\/1"}],"replies":[{"embeddable":true,"href":"https:\/\/schwanger-wir-helfen.ch\/index.php?rest_route=%2Fwp%2Fv2%2Fcomments&post=697"}],"version-history":[{"count":10,"href":"https:\/\/schwanger-wir-helfen.ch\/index.php?rest_route=\/wp\/v2\/pages\/697\/revisions"}],"predecessor-version":[{"id":803,"href":"https:\/\/schwanger-wir-helfen.ch\/index.php?rest_route=\/wp\/v2\/pages\/697\/revisions\/803"}],"wp:attachment":[{"href":"https:\/\/schwanger-wir-helfen.ch\/index.php?rest_route=%2Fwp%2Fv2%2Fmedia&parent=697"}],"curies":[{"name":"wp","href":"https:\/\/api.w.org\/{rel}","templated":true}]}}