{"id":115,"date":"2015-05-04T14:20:11","date_gmt":"2015-05-04T12:20:11","guid":{"rendered":"http:\/\/web-look.ch\/swh-2015\/?page_id=115"},"modified":"2025-07-03T12:33:36","modified_gmt":"2025-07-03T10:33:36","slug":"wohnraum","status":"publish","type":"page","link":"https:\/\/schwanger-wir-helfen.ch\/?page_id=115","title":{"rendered":"Wohnraum"},"content":{"rendered":"<h3><span style=\"color: #7c1c86;\">Wohnraum f\u00fcr werdende M\u00fctter in Not<\/span><\/h3>\n<p><img loading=\"lazy\" decoding=\"async\" class=\"alignright\" src=\"http:\/\/web-look.ch\/swh-2015\/wp-content\/uploads\/2015\/04\/DSC_0568-2.jpg\" alt=\"\" width=\"285\" height=\"190\" \/><\/p>\n<p>Unser Haus besteht aus mehreren kleinen Wohnungen und ist von einer f\u00fcr alle BewohnerInnen zug\u00e4nglichen Gr\u00fcnanlage umgeben. Es liegt in einem ruhigen Wohnquartier von Wabern. Nur wenige Gehminuten entfernt befinden sich Dorfzentrum, Schule und SVB-Haltestelle.<\/p>\n<p><strong style=\"color: #7c1c86;\">Zur Verf\u00fcgung stehen f\u00fcr Mutter mit Kind:<\/strong><\/p>\n<ul>\n<li><strong>2,5-Zimmer-Wohnung<\/strong><br \/>\nbestehend aus Wohn-Schlafzimmer, Wohnk\u00fcche, Kinderzimmer, Dusche\/WC, Sitzplatz mit direktem Zugang zum Garten (l\u00e4ngere Mietdauer)<\/li>\n<li><strong>2-Zimmer-Wohnung<\/strong><br \/>\nbestehend aus Wohn-Schlafzimmer, Wohnk\u00fcche, Kinderzimmer, Dusche\/WC (l\u00e4ngere Mietdauer)<\/li>\n<li><strong>2-Zimmer Studio<\/strong><br \/>\nbestehend aus Wohn-Schlafzimmer (f\u00fcr 2 Personen m\u00f6glich) mit K\u00fcchenwand, Kinderzimmer, Dusche\/WC, Balkon (l\u00e4ngere Mietdauer)<\/li>\n<\/ul>\n<p><span style=\"color: #800080;\"><strong>F\u00fcr Schwangere oder Mutter mit Kleinkind:<\/strong><\/span><\/p>\n<ul>\n<li><strong>1-Zimmer Studio<\/strong><br \/>\nbestehend aus Wohn-Schlafzimmer mit K\u00fcchenwand, Dusche\/WC<\/li>\n<li><strong>2-Zimmer-Dachwohnung<\/strong><br \/>\nmit kleiner eingebauter Kochgelegenheit, Dusche\/WC<\/li>\n<\/ul>\n<p>Die Mietdauer richtet sich nach der pers\u00f6nlichen Notsituation der Betroffenen. Selbstverst\u00e4ndlich ist diesbez\u00fcglich stets eine individuelle Abkl\u00e4rung notwendig.<\/p>\n<p><a href=\"mailto:hilfe@schwanger-wir-helfen.ch?subject=Wohnung\/Zimmer\">Ich interessiere mich f\u00fcr eine Wohnung oder ein Zimmer<\/a>.<\/p>\n<p><span style=\"color: #800080;\"><strong>Aufnahmebedingungen:<\/strong><\/span><\/p>\n<ul>\n<li>Die Not der Frau muss durch eine Schwangerschaft entstanden sein.<\/li>\n<li>Beziehungsf\u00e4hige Frauen, die selbst\u00e4ndig einen Haushalt f\u00fchren k\u00f6nnen und keine dauernde Betreuung ben\u00f6tigen.<\/li>\n<li>In der Regel vollj\u00e4hrige Frauen.<\/li>\n<\/ul>\n<p>&nbsp;<\/p>\n","protected":false},"excerpt":{"rendered":"<p>Wohnraum f\u00fcr werdende M\u00fctter in Not Unser Haus besteht aus mehreren kleinen Wohnungen und ist von einer f\u00fcr alle BewohnerInnen zug\u00e4nglichen Gr\u00fcnanlage umgeben. Es liegt in einem ruhigen Wohnquartier von Wabern. Nur wenige Gehminuten entfernt befinden sich Dorfzentrum, Schule und<\/p>\n","protected":false},"author":1,"featured_media":0,"parent":0,"menu_order":5,"comment_status":"closed","ping_status":"closed","template":"","meta":{"footnotes":""},"class_list":["post-115","page","type-page","status-publish","hentry"],"yoast_head":"<!-- This site is optimized with the Yoast SEO plugin v27.6 - https:\/\/yoast.com\/product\/yoast-seo-wordpress\/ -->\n<title>Wohnraum - Schwanger wir helfen<\/title>\n<meta name=\"description\" content=\"Schwanger - wir helfen bietet Wohnraum f\u00fcr werdende M\u00fctter oder f\u00fcr Ehepaare in Not.\" \/>\n<meta name=\"robots\" content=\"index, follow, max-snippet:-1, max-image-preview:large, max-video-preview:-1\" \/>\n<link rel=\"canonical\" href=\"https:\/\/schwanger-wir-helfen.ch\/?page_id=115\" \/>\n<meta property=\"og:locale\" content=\"de_DE\" \/>\n<meta property=\"og:type\" content=\"article\" \/>\n<meta property=\"og:title\" content=\"Wohnraum - Schwanger wir helfen\" \/>\n<meta property=\"og:description\" content=\"Schwanger - wir helfen bietet Wohnraum f\u00fcr werdende M\u00fctter oder f\u00fcr Ehepaare in Not.\" \/>\n<meta property=\"og:url\" content=\"https:\/\/schwanger-wir-helfen.ch\/?page_id=115\" \/>\n<meta property=\"og:site_name\" content=\"Schwanger wir helfen\" \/>\n<meta property=\"article:modified_time\" content=\"2025-07-03T10:33:36+00:00\" \/>\n<meta property=\"og:image\" content=\"http:\/\/web-look.ch\/swh-2015\/wp-content\/uploads\/2015\/04\/DSC_0568-2.jpg\" \/>\n<meta name=\"twitter:card\" content=\"summary_large_image\" \/>\n<meta name=\"twitter:label1\" content=\"Gesch\u00e4tzte Lesezeit\" \/>\n\t<meta name=\"twitter:data1\" content=\"2\u00a0Minuten\" \/>\n<script type=\"application\/ld+json\" class=\"yoast-schema-graph\">{\"@context\":\"https:\\\/\\\/schema.org\",\"@graph\":[{\"@type\":\"WebPage\",\"@id\":\"https:\\\/\\\/schwanger-wir-helfen.ch\\\/?page_id=115\",\"url\":\"https:\\\/\\\/schwanger-wir-helfen.ch\\\/?page_id=115\",\"name\":\"Wohnraum - Schwanger wir helfen\",\"isPartOf\":{\"@id\":\"https:\\\/\\\/schwanger-wir-helfen.ch\\\/#website\"},\"primaryImageOfPage\":{\"@id\":\"https:\\\/\\\/schwanger-wir-helfen.ch\\\/?page_id=115#primaryimage\"},\"image\":{\"@id\":\"https:\\\/\\\/schwanger-wir-helfen.ch\\\/?page_id=115#primaryimage\"},\"thumbnailUrl\":\"http:\\\/\\\/web-look.ch\\\/swh-2015\\\/wp-content\\\/uploads\\\/2015\\\/04\\\/DSC_0568-2.jpg\",\"datePublished\":\"2015-05-04T12:20:11+00:00\",\"dateModified\":\"2025-07-03T10:33:36+00:00\",\"description\":\"Schwanger - wir helfen bietet Wohnraum f\u00fcr werdende M\u00fctter oder f\u00fcr Ehepaare in Not.\",\"breadcrumb\":{\"@id\":\"https:\\\/\\\/schwanger-wir-helfen.ch\\\/?page_id=115#breadcrumb\"},\"inLanguage\":\"de\",\"potentialAction\":[{\"@type\":\"ReadAction\",\"target\":[\"https:\\\/\\\/schwanger-wir-helfen.ch\\\/?page_id=115\"]}]},{\"@type\":\"ImageObject\",\"inLanguage\":\"de\",\"@id\":\"https:\\\/\\\/schwanger-wir-helfen.ch\\\/?page_id=115#primaryimage\",\"url\":\"http:\\\/\\\/web-look.ch\\\/swh-2015\\\/wp-content\\\/uploads\\\/2015\\\/04\\\/DSC_0568-2.jpg\",\"contentUrl\":\"http:\\\/\\\/web-look.ch\\\/swh-2015\\\/wp-content\\\/uploads\\\/2015\\\/04\\\/DSC_0568-2.jpg\"},{\"@type\":\"BreadcrumbList\",\"@id\":\"https:\\\/\\\/schwanger-wir-helfen.ch\\\/?page_id=115#breadcrumb\",\"itemListElement\":[{\"@type\":\"ListItem\",\"position\":1,\"name\":\"Home\",\"item\":\"https:\\\/\\\/schwanger-wir-helfen.ch\\\/\"},{\"@type\":\"ListItem\",\"position\":2,\"name\":\"Wohnraum\"}]},{\"@type\":\"WebSite\",\"@id\":\"https:\\\/\\\/schwanger-wir-helfen.ch\\\/#website\",\"url\":\"https:\\\/\\\/schwanger-wir-helfen.ch\\\/\",\"name\":\"Schwanger wir helfen\",\"description\":\"Unabh\u00e4nige Anlaufstelle f\u00fcr Beratung\",\"potentialAction\":[{\"@type\":\"SearchAction\",\"target\":{\"@type\":\"EntryPoint\",\"urlTemplate\":\"https:\\\/\\\/schwanger-wir-helfen.ch\\\/?s={search_term_string}\"},\"query-input\":{\"@type\":\"PropertyValueSpecification\",\"valueRequired\":true,\"valueName\":\"search_term_string\"}}],\"inLanguage\":\"de\"}]}<\/script>\n<!-- \/ Yoast SEO plugin. -->","yoast_head_json":{"title":"Wohnraum - Schwanger wir helfen","description":"Schwanger - wir helfen bietet Wohnraum f\u00fcr werdende M\u00fctter oder f\u00fcr Ehepaare in Not.","robots":{"index":"index","follow":"follow","max-snippet":"max-snippet:-1","max-image-preview":"max-image-preview:large","max-video-preview":"max-video-preview:-1"},"canonical":"https:\/\/schwanger-wir-helfen.ch\/?page_id=115","og_locale":"de_DE","og_type":"article","og_title":"Wohnraum - Schwanger wir helfen","og_description":"Schwanger - wir helfen bietet Wohnraum f\u00fcr werdende M\u00fctter oder f\u00fcr Ehepaare in Not.","og_url":"https:\/\/schwanger-wir-helfen.ch\/?page_id=115","og_site_name":"Schwanger wir helfen","article_modified_time":"2025-07-03T10:33:36+00:00","og_image":[{"url":"http:\/\/web-look.ch\/swh-2015\/wp-content\/uploads\/2015\/04\/DSC_0568-2.jpg","type":"","width":"","height":""}],"twitter_card":"summary_large_image","twitter_misc":{"Gesch\u00e4tzte Lesezeit":"2\u00a0Minuten"},"schema":{"@context":"https:\/\/schema.org","@graph":[{"@type":"WebPage","@id":"https:\/\/schwanger-wir-helfen.ch\/?page_id=115","url":"https:\/\/schwanger-wir-helfen.ch\/?page_id=115","name":"Wohnraum - Schwanger wir helfen","isPartOf":{"@id":"https:\/\/schwanger-wir-helfen.ch\/#website"},"primaryImageOfPage":{"@id":"https:\/\/schwanger-wir-helfen.ch\/?page_id=115#primaryimage"},"image":{"@id":"https:\/\/schwanger-wir-helfen.ch\/?page_id=115#primaryimage"},"thumbnailUrl":"http:\/\/web-look.ch\/swh-2015\/wp-content\/uploads\/2015\/04\/DSC_0568-2.jpg","datePublished":"2015-05-04T12:20:11+00:00","dateModified":"2025-07-03T10:33:36+00:00","description":"Schwanger - wir helfen bietet Wohnraum f\u00fcr werdende M\u00fctter oder f\u00fcr Ehepaare in Not.","breadcrumb":{"@id":"https:\/\/schwanger-wir-helfen.ch\/?page_id=115#breadcrumb"},"inLanguage":"de","potentialAction":[{"@type":"ReadAction","target":["https:\/\/schwanger-wir-helfen.ch\/?page_id=115"]}]},{"@type":"ImageObject","inLanguage":"de","@id":"https:\/\/schwanger-wir-helfen.ch\/?page_id=115#primaryimage","url":"http:\/\/web-look.ch\/swh-2015\/wp-content\/uploads\/2015\/04\/DSC_0568-2.jpg","contentUrl":"http:\/\/web-look.ch\/swh-2015\/wp-content\/uploads\/2015\/04\/DSC_0568-2.jpg"},{"@type":"BreadcrumbList","@id":"https:\/\/schwanger-wir-helfen.ch\/?page_id=115#breadcrumb","itemListElement":[{"@type":"ListItem","position":1,"name":"Home","item":"https:\/\/schwanger-wir-helfen.ch\/"},{"@type":"ListItem","position":2,"name":"Wohnraum"}]},{"@type":"WebSite","@id":"https:\/\/schwanger-wir-helfen.ch\/#website","url":"https:\/\/schwanger-wir-helfen.ch\/","name":"Schwanger wir helfen","description":"Unabh\u00e4nige Anlaufstelle f\u00fcr Beratung","potentialAction":[{"@type":"SearchAction","target":{"@type":"EntryPoint","urlTemplate":"https:\/\/schwanger-wir-helfen.ch\/?s={search_term_string}"},"query-input":{"@type":"PropertyValueSpecification","valueRequired":true,"valueName":"search_term_string"}}],"inLanguage":"de"}]}},"_links":{"self":[{"href":"https:\/\/schwanger-wir-helfen.ch\/index.php?rest_route=\/wp\/v2\/pages\/115","targetHints":{"allow":["GET"]}}],"collection":[{"href":"https:\/\/schwanger-wir-helfen.ch\/index.php?rest_route=\/wp\/v2\/pages"}],"about":[{"href":"https:\/\/schwanger-wir-helfen.ch\/index.php?rest_route=\/wp\/v2\/types\/page"}],"author":[{"embeddable":true,"href":"https:\/\/schwanger-wir-helfen.ch\/index.php?rest_route=\/wp\/v2\/users\/1"}],"replies":[{"embeddable":true,"href":"https:\/\/schwanger-wir-helfen.ch\/index.php?rest_route=%2Fwp%2Fv2%2Fcomments&post=115"}],"version-history":[{"count":13,"href":"https:\/\/schwanger-wir-helfen.ch\/index.php?rest_route=\/wp\/v2\/pages\/115\/revisions"}],"predecessor-version":[{"id":548,"href":"https:\/\/schwanger-wir-helfen.ch\/index.php?rest_route=\/wp\/v2\/pages\/115\/revisions\/548"}],"wp:attachment":[{"href":"https:\/\/schwanger-wir-helfen.ch\/index.php?rest_route=%2Fwp%2Fv2%2Fmedia&parent=115"}],"curies":[{"name":"wp","href":"https:\/\/api.w.org\/{rel}","templated":true}]}}